{"id":12,"date":"2015-08-01T12:46:49","date_gmt":"2015-08-01T12:46:49","guid":{"rendered":"http:\/\/dianadavid.net\/?page_id=12"},"modified":"2026-02-11T16:06:22","modified_gmt":"2026-02-11T16:06:22","slug":"about","status":"publish","type":"page","link":"https:\/\/dianadavid.net\/index.php\/about\/","title":{"rendered":"ABOUT"},"content":{"rendered":"<div class=\"wpb-content-wrapper\">[vc_row][vc_column width=&#8221;1\/2&#8243;][vc_column_text css=&#8221;.vc_custom_1712325720705{padding-top: 40px !important;padding-right: 40px !important;padding-bottom: 40px !important;padding-left: 40px !important;background-color: #2b2b2b !important;}&#8221;]ENGLISH<\/p>\n<p style=\"text-align: justify;\">I am a <span class=\"Blue\"> Digital Artist <\/span> with knowledge of the full <span class=\"Blue\">2D and 3D <\/span> pipeline for an animation production. I\u2019ve a special interest in <span class=\"Blue\"> animation, Character Art and Storyboard <\/span> , but I am comfortable at 3D modelling, illustration, design, etc.<\/p>\n<p style=\"text-align: justify;\">For the past 12 years I have been working as an <span class=\"Blue\">2D\/3D Animator, <\/span><span class=\"Blue\">Storyboard Artist<\/span> and Character Designer for <span class=\"Blue\">TV series &amp; Commercial, AR &amp; VR animated\u00a0 educational videos and animated shorts<\/span> as well as beeing a <span class=\"Blue\">Graphic User Interface<\/span> Artist and <span class=\"Blue\">CG Artist for Console and Mobile <span class=\"Blue\">Games<\/span> in UK and Portugal.<\/span><\/p>\n<p style=\"text-align: justify;\">Currently I&#8217;m a PHD Student researching about Animation in Virtual Reality.<!-- This is a comment In the meantime, I'm\u00a0allways looking for interesting projects\u00a0to work on my freetime, so --><\/p>\n<p>For any inquiries or just an Hello! Feel free to write me a line or two at the &#8220;Contacts&#8221; section![\/vc_column_text][\/vc_column][vc_column width=&#8221;1\/2&#8243;][vc_column_text css=&#8221;.vc_custom_1770825965070{padding-top: 40px !important;padding-right: 40px !important;padding-bottom: 40px !important;padding-left: 40px !important;background-color: #2b2b2b !important;}&#8221;]PORTUGU\u00caS<\/p>\n<p>Sou uma <span class=\"Blue\">Artista Digital<\/span> com conhecimentos de toda a pipeline de uma produ\u00e7\u00e3o de anima\u00e7\u00e3o <span class=\"Blue\">2D e 3D<\/span>. E tenho especial interesse em <span class=\"Blue\">Anima\u00e7\u00e3o, Personagens e Storyboard<\/span>, mas domino outras \u00e1reas como a modela\u00e7\u00e3o 3D, ilustra\u00e7\u00e3o, design, etc.<\/p>\n<p style=\"text-align: justify;\">Desde 2010 que trabalho profissionalmente, para diversos pa\u00edses (remotamente e localmente), como <span class=\"Blue\">Animadora 2D\/3D, Artista de Storyboard e Character Designer <\/span> para <span class=\"Blue\">An\u00fancios de Publicidade, S\u00e9ries de anima\u00e7\u00e3o, Curtas-Metragens e anima\u00e7\u00f5es VR e AR para museus e exposi\u00e7\u00f5es<\/span>. Tamb\u00e9m tenho experi\u00eancia como <span class=\"Blue\">Artista CG e Designer de GUIs para Jogos Mobile e de Consola.<\/span><\/p>\n<p style=\"text-align: justify;\">Tenho um <span class=\"Blue\">doutoramento<\/span> sobre espa\u00e7o animado em Realidade Virtual e um <span class=\"Blue\">Mestrado<\/span> em Anima\u00e7\u00e3o 3D por computador.<br \/>\nNeste momento encontro-me dar uma &#8220;perninha&#8221; no ensino universit\u00e1rio, mas continuo dispon\u00edvel para cria\u00e7\u00f5es menos acad\u00e9micas \ud83d\ude00<\/p>\n<p style=\"text-align: justify;\">Para qualquer pergunta sobre or\u00e7amentos ou para apenas um simples &#8220;Ol\u00e1!&#8221; pode contactar-me atrav\u00e9s da sec\u00e7\u00e3o contactos.<\/p>\n[\/vc_column_text][\/vc_column][\/vc_row][vc_row][vc_column width=&#8221;1\/2&#8243;]<div class=\"theme-button-expanded-wrap theme-button-wrap clr\"><a href=\"http:\/\/dianadavid.net\/wp-content\/uploads\/2021\/06\/CV2021_EN_DD.pdf\" title=\"cv\" class=\"vcex-button theme-button medium expanded animate-on-hover expanded\" target=\"_blank\" style=\"background:#1e73be;color:#ffffff;text-transform:uppercase;\" data-wpex-hover='{\"background\":\"#0048a0\"}'><span class=\"theme-button-inner\"><span class=\"vcex-icon-wrap theme-button-icon-left\"><span class=\"fa fa-book\"><\/span><\/span>Download my CV &#8211; EN<\/span><\/a><\/div> [\/vc_column][vc_column width=&#8221;1\/2&#8243;]<div class=\"theme-button-expanded-wrap theme-button-wrap clr\"><a href=\"http:\/\/dianadavid.net\/wp-content\/uploads\/2024\/07\/CV_DD_PT_2024.pdf\" title=\"cv\" class=\"vcex-button theme-button medium expanded animate-on-hover expanded\" target=\"_blank\" style=\"background:#1e73be;color:#ffffff;text-transform:uppercase;\" data-wpex-hover='{\"background\":\"#0048a0\"}'><span class=\"theme-button-inner\"><span class=\"vcex-icon-wrap theme-button-icon-left\"><span class=\"fa fa-book\"><\/span><\/span>Download do CV &#8211; PT<\/span><\/a><\/div> <div class=\"theme-button-expanded-wrap theme-button-wrap clr\"><a href=\"http:\/\/dianadavid.net\/wp-content\/uploads\/2024\/04\/academicCV.pdf\" title=\"clattes\" class=\"vcex-button theme-button orange medium expanded animate-on-hover expanded\" target=\"_blank\" style=\"background:#ed9615;padding:-;color:#ffffff;border-radius:5px;margin-top:5px;margin-right:;margin-bottom:5px;margin-left:;text-transform:uppercase;\" data-wpex-hover='{\"background\":\"#e56b00\",\"color\":\"#ffffff\"}'><span class=\"theme-button-inner\"><span class=\"vcex-icon-wrap theme-button-icon-left\"><span class=\"fa fa-book\"><\/span><\/span>Download do Curriculum Lattes &#8211; PT<\/span><\/a><\/div> [\/vc_column][\/vc_row][vc_row][vc_column][vc_text_separator title=&#8221;Softwares&#8221; color=&#8221;sky&#8221;]<div class=\"vcex-image vcex-module vcex-clr textcenter\"><span class=\"vcex-image-inner\"><img loading=\"lazy\" decoding=\"async\" src=\"https:\/\/dianadavid.net\/wp-content\/uploads\/2026\/02\/soft-1.png\" data-no-retina width=\"854\" height=\"103\" \/><\/span><\/div>[\/vc_column][\/vc_row][vc_row][vc_column][vc_single_image image=&#8221;1918&#8243; alignment=&#8221;center&#8221;][\/vc_column][\/vc_row][vc_row][vc_column][vc_separator][\/vc_column][\/vc_row][vc_row][vc_column parallax=&#8221;content-moving&#8221; el_id=&#8221;Academic background&#8221;][vc_tta_tabs section_title_tag=&#8221;h2&#8243; style=&#8221;flat&#8221; color=&#8221;sky&#8221; spacing=&#8221;5&#8243; active_section=&#8221;1&#8243; css=&#8221;.vc_custom_1770825545838{background-color: #1c1c1c !important;border-radius: 15px !important;}&#8221;][vc_tta_section i_type=&#8221;entypo&#8221; i_icon_entypo=&#8221;entypo-icon entypo-icon-book&#8221; add_icon=&#8221;true&#8221; title=&#8221;Academic Background&#8221; tab_id=&#8221;1770823850834-aa36ec98-8696&#8243;][vc_column_text color=&#8221;#000000&#8243; font_size=&#8221;18&#8243;]\n<ul>\n<li><strong>PhD<\/strong><br \/>\n(2020-2025)<br \/>\n<strong>Fine Arts &#8211; Multimedia Art course<br \/>\n<\/strong><em>@Faculdade de Belas-Artes da Universidade de Lisboa<\/em><br \/>\nThesis approved with distinction and honors (distin\u00e7\u00e3o e louvor).<br \/>\nWritten Thesis name: &#8220;A Reconfigura\u00e7\u00e3o do Espa\u00e7o Animado em Realidade Virtual&#8221;<br \/>\nVR project: &#8220;Noises&#8221;<\/li>\n<li><strong>MA<\/strong><br \/>\n(2010-2011)<br \/>\n<strong>3D Computer Animation course<br \/>\n<\/strong><em>@NCCA &#8211; Bournemouth University<\/em><br \/>\nWork approved with Merit (EU conversion: 16\/20)<br \/>\n3D animation project: &#8220;Perspectives&#8221;<\/li>\n<li><strong>ERASMUS<\/strong><br \/>\n(2010)<br \/>\n<strong>Animation + Games courses<br \/>\n<\/strong><em>@Southampton Solent Univeristy<\/em><\/li>\n<li><strong>BFA<\/strong><br \/>\n(2007-2010)<br \/>\n<strong>Fine Arts &#8211; Multimedia Art course<br \/>\n<\/strong><em>@Faculdade de Belas-Artes da Universidade de Lisboa<\/em><br \/>\nFinal Grade: 15\/20 (\u2248 First Class Honours)<\/li>\n<\/ul>\n<p>&nbsp;[\/vc_column_text][\/vc_tta_section][vc_tta_section i_type=&#8221;entypo&#8221; i_icon_entypo=&#8221;entypo-icon entypo-icon-suitcase&#8221; add_icon=&#8221;true&#8221; title=&#8221;Professional Experience &#8221; tab_id=&#8221;1770823850834-bef28363-fa40&#8243;][\/vc_tta_section][\/vc_tta_tabs][\/vc_column][\/vc_row]\n<\/div>","protected":false},"excerpt":{"rendered":"<p>[vc_row][vc_column width=&#8221;1\/2&#8243;][vc_column_text css=&#8221;.vc_custom_1712325720705{padding-top: 40px !important;padding-right: 40px !important;padding-bottom: 40px !important;padding-left: 40px !important;background-color: #2b2b2b !important;}&#8221;]ENGLISH I am a Digital Artist with knowledge of the full 2D and 3D pipeline for an animation production. I\u2019ve a special interest in animation, Character Art and&hellip;<\/p>\n","protected":false},"author":1,"featured_media":0,"parent":0,"menu_order":0,"comment_status":"closed","ping_status":"closed","template":"","meta":{"footnotes":""},"class_list":["post-12","page","type-page","status-publish","hentry","entry","no-media"],"_links":{"self":[{"href":"https:\/\/dianadavid.net\/index.php\/wp-json\/wp\/v2\/pages\/12","targetHints":{"allow":["GET"]}}],"collection":[{"href":"https:\/\/dianadavid.net\/index.php\/wp-json\/wp\/v2\/pages"}],"about":[{"href":"https:\/\/dianadavid.net\/index.php\/wp-json\/wp\/v2\/types\/page"}],"author":[{"embeddable":true,"href":"https:\/\/dianadavid.net\/index.php\/wp-json\/wp\/v2\/users\/1"}],"replies":[{"embeddable":true,"href":"https:\/\/dianadavid.net\/index.php\/wp-json\/wp\/v2\/comments?post=12"}],"version-history":[{"count":54,"href":"https:\/\/dianadavid.net\/index.php\/wp-json\/wp\/v2\/pages\/12\/revisions"}],"predecessor-version":[{"id":1970,"href":"https:\/\/dianadavid.net\/index.php\/wp-json\/wp\/v2\/pages\/12\/revisions\/1970"}],"wp:attachment":[{"href":"https:\/\/dianadavid.net\/index.php\/wp-json\/wp\/v2\/media?parent=12"}],"curies":[{"name":"wp","href":"https:\/\/api.w.org\/{rel}","templated":true}]}}